{"id":272,"date":"2015-05-20T12:04:08","date_gmt":"2015-05-20T12:04:08","guid":{"rendered":"https:\/\/kuenglaw-sg.ch\/?page_id=272"},"modified":"2024-09-13T07:02:26","modified_gmt":"2024-09-13T05:02:26","slug":"news","status":"publish","type":"page","link":"https:\/\/kuenglaw-sg.ch\/en\/news\/","title":{"rendered":"News"},"content":{"rendered":"<style>.wp-show-posts-columns#wpsp-19105 {margin-left: -2em; }.wp-show-posts-columns#wpsp-19105 .wp-show-posts-inner {margin: 0 0 2em 2em; }<\/style><section id=\"wpsp-19105\" class=\"wp-show-posts\" style=\"\"><article class=\"wp-show-posts-single wpsp-clearfix post-18550 post type-post status-publish format-standard hentry category-uncategorized\" itemtype=\"http:\/\/schema.org\/CreativeWork\" itemscope><div class=\"wp-show-posts-inner\" style=\"\">\t\t\t\t\t\t<header class=\"wp-show-posts-entry-header\">\n\t\t\t\t\t\t\t<h2 class=\"wp-show-posts-entry-title\" itemprop=\"headline\"><a href=\"https:\/\/kuenglaw-sg.ch\/en\/herzlich-willkommen-in-unserem-team\/\" rel=\"bookmark\">Herzlich Willkommen in unserem Team<\/a><\/h2><div class=\"wp-show-posts-entry-meta wp-show-posts-entry-meta-below-title post-meta-inline\"><span class=\"wp-show-posts-posted-on wp-show-posts-meta\">\n\t\t\t\t\t<a href=\"https:\/\/kuenglaw-sg.ch\/en\/herzlich-willkommen-in-unserem-team\/\" title=\"15:21\" rel=\"bookmark\"><time class=\"wp-show-posts-entry-date published\" datetime=\"2024-04-15T15:21:47+02:00\" itemprop=\"datePublished\">15. April 2024<\/time><\/a>\n\t\t\t\t<\/span><\/div>\t\t\t\t\t\t<\/header><!-- .entry-header -->\n\t\t\t\t\t\t\t\t\t\t\t<div class=\"wp-show-posts-entry-summary\" itemprop=\"text\">\n\t\t\t\t\t\t\t<p>Wir freuen uns sehr, zwei neue Mitarbeiterinnen in unserem Team willkommen zu heissen! Ein herzliches Willkommen geht an Frau Alexandra Antunes Franco, sie unterst\u00fctzt uns als studentische Mitarbeiterin im Sekretariat,&#8230;<\/p>\n\t\t\t\t\t\t<\/div><!-- .entry-summary -->\n\t\t\t\t\t<div class=\"wpsp-read-more\"><a title=\"Herzlich Willkommen in unserem Team\" class=\"wp-show-posts-read-more\" href=\"https:\/\/kuenglaw-sg.ch\/en\/herzlich-willkommen-in-unserem-team\/\">weiterlesen<\/a><\/div><\/div><!-- wp-show-posts-inner --><div class=\"wpsp-clear\"><\/div><\/article><article class=\"wp-show-posts-single wpsp-clearfix post-18301 post type-post status-publish format-standard hentry category-uncategorized\" itemtype=\"http:\/\/schema.org\/CreativeWork\" itemscope><div class=\"wp-show-posts-inner\" style=\"\">\t\t\t\t\t\t<header class=\"wp-show-posts-entry-header\">\n\t\t\t\t\t\t\t<h2 class=\"wp-show-posts-entry-title\" itemprop=\"headline\"><a href=\"https:\/\/kuenglaw-sg.ch\/en\/herzlich-willkommen-patrik-mauchle\/\" rel=\"bookmark\">Herzlich Willkommen Patrik Mauchle<\/a><\/h2><div class=\"wp-show-posts-entry-meta wp-show-posts-entry-meta-below-title post-meta-inline\"><span class=\"wp-show-posts-posted-on wp-show-posts-meta\">\n\t\t\t\t\t<a href=\"https:\/\/kuenglaw-sg.ch\/en\/herzlich-willkommen-patrik-mauchle\/\" title=\"10:59\" rel=\"bookmark\"><time class=\"wp-show-posts-entry-date published\" datetime=\"2024-03-04T10:59:48+01:00\" itemprop=\"datePublished\">4. March 2024<\/time><\/a>\n\t\t\t\t<\/span><\/div>\t\t\t\t\t\t<\/header><!-- .entry-header -->\n\t\t\t\t\t\t\t\t\t\t\t<div class=\"wp-show-posts-entry-summary\" itemprop=\"text\">\n\t\t\t\t\t\t\t<p>Wir begr\u00fcssen Herrn Rechtsanwalt &amp; \u00f6ffentlicher Notar Patrik Mauchle bei uns in der Kanzlei und w\u00fcnschen ihm einen guten Start! Die Rechtsgebiete und T\u00e4tigkeitsschwerpunkte von Herrn Patrik Mauchle sind die&#8230;<\/p>\n\t\t\t\t\t\t<\/div><!-- .entry-summary -->\n\t\t\t\t\t<div class=\"wpsp-read-more\"><a title=\"Herzlich Willkommen Patrik Mauchle\" class=\"wp-show-posts-read-more\" href=\"https:\/\/kuenglaw-sg.ch\/en\/herzlich-willkommen-patrik-mauchle\/\">weiterlesen<\/a><\/div><\/div><!-- wp-show-posts-inner --><div class=\"wpsp-clear\"><\/div><\/article><article class=\"wp-show-posts-single wpsp-clearfix post-17599 post type-post status-publish format-standard has-post-thumbnail hentry category-uncategorized\" itemtype=\"http:\/\/schema.org\/CreativeWork\" itemscope><div class=\"wp-show-posts-inner\" style=\"\">\t\t\t\t\t\t<header class=\"wp-show-posts-entry-header\">\n\t\t\t\t\t\t\t<h2 class=\"wp-show-posts-entry-title\" itemprop=\"headline\"><a href=\"https:\/\/kuenglaw-sg.ch\/en\/zeit-ist-geld\/\" rel=\"bookmark\">Zeit ist Geld<\/a><\/h2><div class=\"wp-show-posts-entry-meta wp-show-posts-entry-meta-below-title post-meta-inline\"><span class=\"wp-show-posts-posted-on wp-show-posts-meta\">\n\t\t\t\t\t<a href=\"https:\/\/kuenglaw-sg.ch\/en\/zeit-ist-geld\/\" title=\"15:48\" rel=\"bookmark\"><time class=\"wp-show-posts-entry-date published\" datetime=\"2023-08-17T15:48:48+02:00\" itemprop=\"datePublished\">17. August 2023<\/time><time class=\"wp-show-posts-updated\" datetime=\"2023-08-17T15:51:17+02:00\" itemprop=\"dateModified\">17. August 2023<\/time><\/a>\n\t\t\t\t<\/span><\/div>\t\t\t\t\t\t<\/header><!-- .entry-header -->\n\t\t\t\t\t\t\t\t\t\t\t<div class=\"wp-show-posts-entry-summary\" itemprop=\"text\">\n\t\t\t\t\t\t\t<p>Teammitglied und Partner Marcel Aebischer\u00a0hat im neusten Newsletter (Nr. 7) der Schriftenreihe &#8222;Focus Treuhand&#8220; von\u00a0WEKA Business Media AG\u00a0einen spannenden Praxisbeitrag zum Thema Fristen im Betreibungsrecht verfasst.<\/p>\n\t\t\t\t\t\t<\/div><!-- .entry-summary -->\n\t\t\t\t\t<div class=\"wpsp-read-more\"><a title=\"Zeit ist Geld\" class=\"wp-show-posts-read-more\" href=\"https:\/\/kuenglaw-sg.ch\/en\/zeit-ist-geld\/\">weiterlesen<\/a><\/div><\/div><!-- wp-show-posts-inner --><div class=\"wpsp-clear\"><\/div><\/article><article class=\"wp-show-posts-single wpsp-clearfix post-17481 post type-post status-publish format-standard has-post-thumbnail hentry category-uncategorized\" itemtype=\"http:\/\/schema.org\/CreativeWork\" itemscope><div class=\"wp-show-posts-inner\" style=\"\">\t\t\t\t\t\t<header class=\"wp-show-posts-entry-header\">\n\t\t\t\t\t\t\t<h2 class=\"wp-show-posts-entry-title\" itemprop=\"headline\"><a href=\"https:\/\/kuenglaw-sg.ch\/en\/google-service-ad-words\/\" rel=\"bookmark\">Google-Service &#8222;Ad Words&#8220;<\/a><\/h2><div class=\"wp-show-posts-entry-meta wp-show-posts-entry-meta-below-title post-meta-inline\"><span class=\"wp-show-posts-posted-on wp-show-posts-meta\">\n\t\t\t\t\t<a href=\"https:\/\/kuenglaw-sg.ch\/en\/google-service-ad-words\/\" title=\"8:15\" rel=\"bookmark\"><time class=\"wp-show-posts-entry-date published\" datetime=\"2023-07-07T08:15:05+02:00\" itemprop=\"datePublished\">7. July 2023<\/time><time class=\"wp-show-posts-updated\" datetime=\"2023-07-07T09:24:04+02:00\" itemprop=\"dateModified\">7. July 2023<\/time><\/a>\n\t\t\t\t<\/span><\/div>\t\t\t\t\t\t<\/header><!-- .entry-header -->\n\t\t\t\t\t\t\t\t\t\t\t<div class=\"wp-show-posts-entry-summary\" itemprop=\"text\">\n\t\t\t\t\t\t\t<p>Wie k\u00f6nnen und d\u00fcrfen Anwaltskanzleien den Google-Service &#8222;Ad Words&#8220; nutzen? Teammitglied und Partner\u00a0Dr. Martin E. Looser\u00a0hat diese Fragestellung anhand eines Entscheids der Anwaltskammer St. Gallen im Rahmen seines Beitrags in&#8230;<\/p>\n\t\t\t\t\t\t<\/div><!-- .entry-summary -->\n\t\t\t\t\t<div class=\"wpsp-read-more\"><a title=\"Google-Service &#8222;Ad Words&#8220;\" class=\"wp-show-posts-read-more\" href=\"https:\/\/kuenglaw-sg.ch\/en\/google-service-ad-words\/\">weiterlesen<\/a><\/div><\/div><!-- wp-show-posts-inner --><div class=\"wpsp-clear\"><\/div><\/article><article class=\"wp-show-posts-single wpsp-clearfix post-17283 post type-post status-publish format-standard hentry category-uncategorized\" itemtype=\"http:\/\/schema.org\/CreativeWork\" itemscope><div class=\"wp-show-posts-inner\" style=\"\">\t\t\t\t\t\t<header class=\"wp-show-posts-entry-header\">\n\t\t\t\t\t\t\t<h2 class=\"wp-show-posts-entry-title\" itemprop=\"headline\"><a href=\"https:\/\/kuenglaw-sg.ch\/en\/willkommen-zurueck-rahel-lehmann\/\" rel=\"bookmark\">Willkommen zur\u00fcck, Rahel Lehmann!<\/a><\/h2><div class=\"wp-show-posts-entry-meta wp-show-posts-entry-meta-below-title post-meta-inline\"><span class=\"wp-show-posts-posted-on wp-show-posts-meta\">\n\t\t\t\t\t<a href=\"https:\/\/kuenglaw-sg.ch\/en\/willkommen-zurueck-rahel-lehmann\/\" title=\"17:00\" rel=\"bookmark\"><time class=\"wp-show-posts-entry-date published\" datetime=\"2023-05-17T17:00:45+02:00\" itemprop=\"datePublished\">17. May 2023<\/time><\/a>\n\t\t\t\t<\/span><\/div>\t\t\t\t\t\t<\/header><!-- .entry-header -->\n\t\t\t\t\t\t\t\t\t\t\t<div class=\"wp-show-posts-entry-summary\" itemprop=\"text\">\n\t\t\t\t\t\t\t<p>Wir freuen uns, dass Frau Rechtsanw\u00e4ltin Rahel Lehmann nach ihrem Mutterschaftsurlaub per 3. Mai 2023 zu uns ins Team zur\u00fcckgekehrt ist und uns wieder tatkr\u00e4ftig unterst\u00fctzt. Sie arbeitet neu mit&#8230;<\/p>\n\t\t\t\t\t\t<\/div><!-- .entry-summary -->\n\t\t\t\t\t<div class=\"wpsp-read-more\"><a title=\"Willkommen zur\u00fcck, Rahel Lehmann!\" class=\"wp-show-posts-read-more\" href=\"https:\/\/kuenglaw-sg.ch\/en\/willkommen-zurueck-rahel-lehmann\/\">weiterlesen<\/a><\/div><\/div><!-- wp-show-posts-inner --><div class=\"wpsp-clear\"><\/div><\/article><article class=\"wp-show-posts-single wpsp-clearfix post-17269 post type-post status-publish format-standard hentry category-uncategorized\" itemtype=\"http:\/\/schema.org\/CreativeWork\" itemscope><div class=\"wp-show-posts-inner\" style=\"\">\t\t\t\t\t\t<header class=\"wp-show-posts-entry-header\">\n\t\t\t\t\t\t\t<h2 class=\"wp-show-posts-entry-title\" itemprop=\"headline\"><a href=\"https:\/\/kuenglaw-sg.ch\/en\/revidiertes-datenschutzgesetz-per-1-september-2023\/\" rel=\"bookmark\">Revidiertes Datenschutzgesetz per 1. September 2023<\/a><\/h2><div class=\"wp-show-posts-entry-meta wp-show-posts-entry-meta-below-title post-meta-inline\"><span class=\"wp-show-posts-posted-on wp-show-posts-meta\">\n\t\t\t\t\t<a href=\"https:\/\/kuenglaw-sg.ch\/en\/revidiertes-datenschutzgesetz-per-1-september-2023\/\" title=\"13:44\" rel=\"bookmark\"><time class=\"wp-show-posts-entry-date published\" datetime=\"2023-05-02T13:44:30+02:00\" itemprop=\"datePublished\">2. May 2023<\/time><\/a>\n\t\t\t\t<\/span><\/div>\t\t\t\t\t\t<\/header><!-- .entry-header -->\n\t\t\t\t\t\t\t\t\t\t\t<div class=\"wp-show-posts-entry-summary\" itemprop=\"text\">\n\t\t\t\t\t\t\t<p>Teammitglied Rechtsanw\u00e4ltin\u00a0Selina Grass\u00a0publizierte j\u00fcngst einen Beitrag zum Thema revidiertes Schweizer Datenschutzgesetz in der Rubrik &#8222;Praxiswissen&#8220; des St. Galler Anwaltsverbandes. Am 1. September 2023 tritt das revidierte Schweizer Datenschutzgesetz in Kraft&#8230;.<\/p>\n\t\t\t\t\t\t<\/div><!-- .entry-summary -->\n\t\t\t\t\t<div class=\"wpsp-read-more\"><a title=\"Revidiertes Datenschutzgesetz per 1. September 2023\" class=\"wp-show-posts-read-more\" href=\"https:\/\/kuenglaw-sg.ch\/en\/revidiertes-datenschutzgesetz-per-1-september-2023\/\">weiterlesen<\/a><\/div><\/div><!-- wp-show-posts-inner --><div class=\"wpsp-clear\"><\/div><\/article><article class=\"wp-show-posts-single wpsp-clearfix post-17140 post type-post status-publish format-standard has-post-thumbnail hentry category-uncategorized\" itemtype=\"http:\/\/schema.org\/CreativeWork\" itemscope><div class=\"wp-show-posts-inner\" style=\"\">\t\t\t\t\t\t<header class=\"wp-show-posts-entry-header\">\n\t\t\t\t\t\t\t<h2 class=\"wp-show-posts-entry-title\" itemprop=\"headline\"><a href=\"https:\/\/kuenglaw-sg.ch\/en\/dr-martin-e-looser-ist-neu-fachanwalt-sav-bau-und-immobilienrecht\/\" rel=\"bookmark\">Dr. Martin E. Looser ist neu Fachanwalt SAV Bau- und Immobilienrecht<\/a><\/h2><div class=\"wp-show-posts-entry-meta wp-show-posts-entry-meta-below-title post-meta-inline\"><span class=\"wp-show-posts-posted-on wp-show-posts-meta\">\n\t\t\t\t\t<a href=\"https:\/\/kuenglaw-sg.ch\/en\/dr-martin-e-looser-ist-neu-fachanwalt-sav-bau-und-immobilienrecht\/\" title=\"11:26\" rel=\"bookmark\"><time class=\"wp-show-posts-entry-date published\" datetime=\"2023-03-20T11:26:41+01:00\" itemprop=\"datePublished\">20. March 2023<\/time><time class=\"wp-show-posts-updated\" datetime=\"2023-03-20T11:39:07+01:00\" itemprop=\"dateModified\">20. March 2023<\/time><\/a>\n\t\t\t\t<\/span><\/div>\t\t\t\t\t\t<\/header><!-- .entry-header -->\n\t\t\t\t\t\t\t\t\t\t\t<div class=\"wp-show-posts-entry-summary\" itemprop=\"text\">\n\t\t\t\t\t\t\t<p>Unser Partner, Rechtsanwalt Dr. Martin E. Looser, hat k\u00fcrzlich den Fachanwaltstitel des Schweizerischen Anwaltsverbands (SAV) im Bau- und Immobilienrecht erworben. Dazu gratulieren wir ihm ganz herzlich. \u00a0 Mit der fundierten,&#8230;<\/p>\n\t\t\t\t\t\t<\/div><!-- .entry-summary -->\n\t\t\t\t\t<div class=\"wpsp-read-more\"><a title=\"Dr. Martin E. Looser ist neu Fachanwalt SAV Bau- und Immobilienrecht\" class=\"wp-show-posts-read-more\" href=\"https:\/\/kuenglaw-sg.ch\/en\/dr-martin-e-looser-ist-neu-fachanwalt-sav-bau-und-immobilienrecht\/\">weiterlesen<\/a><\/div><\/div><!-- wp-show-posts-inner --><div class=\"wpsp-clear\"><\/div><\/article><article class=\"wp-show-posts-single wpsp-clearfix post-16448 post type-post status-publish format-standard has-post-thumbnail hentry category-uncategorized\" itemtype=\"http:\/\/schema.org\/CreativeWork\" itemscope><div class=\"wp-show-posts-inner\" style=\"\">\t\t\t\t\t\t<header class=\"wp-show-posts-entry-header\">\n\t\t\t\t\t\t\t<h2 class=\"wp-show-posts-entry-title\" itemprop=\"headline\"><a href=\"https:\/\/kuenglaw-sg.ch\/en\/20-jahre-jubilaeumskonferenz-vom-warwick-legal-network-in-zuerich\/\" rel=\"bookmark\">20-Jahre Jubil\u00e4umskonferenz vom Warwick Legal Network in Z\u00fcrich<\/a><\/h2><div class=\"wp-show-posts-entry-meta wp-show-posts-entry-meta-below-title post-meta-inline\"><span class=\"wp-show-posts-posted-on wp-show-posts-meta\">\n\t\t\t\t\t<a href=\"https:\/\/kuenglaw-sg.ch\/en\/20-jahre-jubilaeumskonferenz-vom-warwick-legal-network-in-zuerich\/\" title=\"9:06\" rel=\"bookmark\"><time class=\"wp-show-posts-entry-date published\" datetime=\"2022-11-08T09:06:59+01:00\" itemprop=\"datePublished\">8. November 2022<\/time><\/a>\n\t\t\t\t<\/span><\/div>\t\t\t\t\t\t<\/header><!-- .entry-header -->\n\t\t\t\t\t\t\t\t\t\t\t<div class=\"wp-show-posts-entry-summary\" itemprop=\"text\">\n\t\t\t\t\t\t\t<p>Ende Oktober 2022 fand in Z\u00fcrich die Jubil\u00e4umskonferenz des Warwick Legal Network in Z\u00fcrich statt. Wir sind Teil dieses Netzwerks, um unseren Kunden und Kundeninnen bei internationalen Streitigkeiten verl\u00e4ssliche Partner&#8230;<\/p>\n\t\t\t\t\t\t<\/div><!-- .entry-summary -->\n\t\t\t\t\t<div class=\"wpsp-read-more\"><a title=\"20-Jahre Jubil\u00e4umskonferenz vom Warwick Legal Network in Z\u00fcrich\" class=\"wp-show-posts-read-more\" href=\"https:\/\/kuenglaw-sg.ch\/en\/20-jahre-jubilaeumskonferenz-vom-warwick-legal-network-in-zuerich\/\">weiterlesen<\/a><\/div><\/div><!-- wp-show-posts-inner --><div class=\"wpsp-clear\"><\/div><\/article><article class=\"wp-show-posts-single wpsp-clearfix post-15913 post type-post status-publish format-standard has-post-thumbnail hentry category-uncategorized\" itemtype=\"http:\/\/schema.org\/CreativeWork\" itemscope><div class=\"wp-show-posts-inner\" style=\"\">\t\t\t\t\t\t<header class=\"wp-show-posts-entry-header\">\n\t\t\t\t\t\t\t<h2 class=\"wp-show-posts-entry-title\" itemprop=\"headline\"><a href=\"https:\/\/kuenglaw-sg.ch\/en\/herzlich-willkommen-manuela-looser-herzog\/\" rel=\"bookmark\">Herzlich Willkommen Manuela Looser-Herzog<\/a><\/h2><div class=\"wp-show-posts-entry-meta wp-show-posts-entry-meta-below-title post-meta-inline\"><span class=\"wp-show-posts-posted-on wp-show-posts-meta\">\n\t\t\t\t\t<a href=\"https:\/\/kuenglaw-sg.ch\/en\/herzlich-willkommen-manuela-looser-herzog\/\" title=\"7:34\" rel=\"bookmark\"><time class=\"wp-show-posts-entry-date published\" datetime=\"2022-09-01T07:34:31+02:00\" itemprop=\"datePublished\">1. September 2022<\/time><time class=\"wp-show-posts-updated\" datetime=\"2023-05-02T13:40:56+02:00\" itemprop=\"dateModified\">2. May 2023<\/time><\/a>\n\t\t\t\t<\/span><\/div>\t\t\t\t\t\t<\/header><!-- .entry-header -->\n\t\t\t\t\t\t\t\t\t\t\t<div class=\"wp-show-posts-entry-summary\" itemprop=\"text\">\n\t\t\t\t\t\t\t<p>Wir begr\u00fcssen Frau Rechtsanw\u00e4ltin &amp; \u00f6ffentliche Notarin Manuela Looser-Herzog bei uns in der Kanzlei und w\u00fcnschen ihr einen guten Start! Die Rechtsgebiete und T\u00e4tigkeitsschwerpunkte von Frau Manuela Looser-Herzog sind die&#8230;<\/p>\n\t\t\t\t\t\t<\/div><!-- .entry-summary -->\n\t\t\t\t\t<div class=\"wpsp-read-more\"><a title=\"Herzlich Willkommen Manuela Looser-Herzog\" class=\"wp-show-posts-read-more\" href=\"https:\/\/kuenglaw-sg.ch\/en\/herzlich-willkommen-manuela-looser-herzog\/\">weiterlesen<\/a><\/div><\/div><!-- wp-show-posts-inner --><div class=\"wpsp-clear\"><\/div><\/article><article class=\"wp-show-posts-single wpsp-clearfix post-15194 post type-post status-publish format-standard hentry category-uncategorized\" itemtype=\"http:\/\/schema.org\/CreativeWork\" itemscope><div class=\"wp-show-posts-inner\" style=\"\">\t\t\t\t\t\t<header class=\"wp-show-posts-entry-header\">\n\t\t\t\t\t\t\t<h2 class=\"wp-show-posts-entry-title\" itemprop=\"headline\"><a href=\"https:\/\/kuenglaw-sg.ch\/en\/marcel-aebischer-ist-fachanwalt-sav-arbeitsrecht\/\" rel=\"bookmark\">Marcel Aebischer ist Fachanwalt SAV Arbeitsrecht<\/a><\/h2><div class=\"wp-show-posts-entry-meta wp-show-posts-entry-meta-below-title post-meta-inline\"><span class=\"wp-show-posts-posted-on wp-show-posts-meta\">\n\t\t\t\t\t<a href=\"https:\/\/kuenglaw-sg.ch\/en\/marcel-aebischer-ist-fachanwalt-sav-arbeitsrecht\/\" title=\"11:23\" rel=\"bookmark\"><time class=\"wp-show-posts-entry-date published\" datetime=\"2022-07-25T11:23:42+02:00\" itemprop=\"datePublished\">25. July 2022<\/time><\/a>\n\t\t\t\t<\/span><\/div>\t\t\t\t\t\t<\/header><!-- .entry-header -->\n\t\t\t\t\t\t\t\t\t\t\t<div class=\"wp-show-posts-entry-summary\" itemprop=\"text\">\n\t\t\t\t\t\t\t<p>Unser Partner, Rechtsanwalt Marcel Aebischer, hat k\u00fcrzlich den Fachanwaltstitel des Schweizerischen Anwaltsverbands (SAV) im Arbeitsrecht erworben. Dazu gratulieren wir ihm ganz herzlich. Mit der fundierten, praxisorientierten Ausbildung \u201eFachanwalt SAV\u201c\/\u201cFachanw\u00e4ltin SAV\u201c&#8230;<\/p>\n\t\t\t\t\t\t<\/div><!-- .entry-summary -->\n\t\t\t\t\t<div class=\"wpsp-read-more\"><a title=\"Marcel Aebischer ist Fachanwalt SAV Arbeitsrecht\" class=\"wp-show-posts-read-more\" href=\"https:\/\/kuenglaw-sg.ch\/en\/marcel-aebischer-ist-fachanwalt-sav-arbeitsrecht\/\">weiterlesen<\/a><\/div><\/div><!-- wp-show-posts-inner --><div class=\"wpsp-clear\"><\/div><\/article><\/section><!-- .wp-show-posts --><div class=\"wpsp-load-more\"><span aria-current=\"page\" class=\"page-numbers current\">1<\/span>\n<a class=\"page-numbers\" href=\"https:\/\/kuenglaw-sg.ch\/en\/wp-json\/wp\/v2\/pages\/272\/page\/2\/\">2<\/a>\n<span class=\"page-numbers dots\">&hellip;<\/span>\n<a class=\"page-numbers\" href=\"https:\/\/kuenglaw-sg.ch\/en\/wp-json\/wp\/v2\/pages\/272\/page\/7\/\">7<\/a>\n<a class=\"next page-numbers\" href=\"https:\/\/kuenglaw-sg.ch\/en\/wp-json\/wp\/v2\/pages\/272\/page\/2\/\">Next &rarr;<\/a><\/div>\n<div class=\"brz-root__container brz-reset-all\"><\/div>\n<p><!-- version:1654780726 --><\/p>","protected":false},"excerpt":{"rendered":"<p>Unser Partner, Rechtsanwalt Marcel Aebischer, hat k\u00fcrzlich den Fachanwaltstitel des Schweizerischen Anwaltsverbands (SAV) im Arbeitsrecht erworben. Dazu gratulieren wir ihm ganz herzlich. Mit der fundierten, praxisorientierten Ausbildung \u201eFachanwalt SAV\u201c\/\u201cFachanw\u00e4ltin SAV\u201c verst\u00e4rken Anw\u00e4lte ihre Kompetenz in einem spezifischen Rechtsbereich. Dadurch k\u00f6nnen sie noch besser und schneller auf die Bed\u00fcrfnisse ihrer Klienten reagieren. Der Schweizerische Anwaltsverband (SAV) [&hellip;]<\/p>\n","protected":false},"author":1,"featured_media":13774,"parent":0,"menu_order":0,"comment_status":"closed","ping_status":"closed","template":"brizy-blank-template.php","meta":{"_acf_changed":false,"footnotes":""},"class_list":["post-272","page","type-page","status-publish","has-post-thumbnail","hentry"],"acf":[],"brizy_media":[],"_links":{"self":[{"href":"https:\/\/kuenglaw-sg.ch\/en\/wp-json\/wp\/v2\/pages\/272","targetHints":{"allow":["GET"]}}],"collection":[{"href":"https:\/\/kuenglaw-sg.ch\/en\/wp-json\/wp\/v2\/pages"}],"about":[{"href":"https:\/\/kuenglaw-sg.ch\/en\/wp-json\/wp\/v2\/types\/page"}],"author":[{"embeddable":true,"href":"https:\/\/kuenglaw-sg.ch\/en\/wp-json\/wp\/v2\/users\/1"}],"replies":[{"embeddable":true,"href":"https:\/\/kuenglaw-sg.ch\/en\/wp-json\/wp\/v2\/comments?post=272"}],"version-history":[{"count":14,"href":"https:\/\/kuenglaw-sg.ch\/en\/wp-json\/wp\/v2\/pages\/272\/revisions"}],"predecessor-version":[{"id":19107,"href":"https:\/\/kuenglaw-sg.ch\/en\/wp-json\/wp\/v2\/pages\/272\/revisions\/19107"}],"wp:featuredmedia":[{"embeddable":true,"href":"https:\/\/kuenglaw-sg.ch\/en\/wp-json\/wp\/v2\/media\/13774"}],"wp:attachment":[{"href":"https:\/\/kuenglaw-sg.ch\/en\/wp-json\/wp\/v2\/media?parent=272"}],"curies":[{"name":"wp","href":"https:\/\/api.w.org\/{rel}","templated":true}]}}